{"id":1352,"date":"2025-01-04T12:38:23","date_gmt":"2025-01-04T11:38:23","guid":{"rendered":"https:\/\/estudio36ceramica.com\/aviso-legal\/"},"modified":"2025-01-16T19:04:21","modified_gmt":"2025-01-16T18:04:21","slug":"legal-notice","status":"publish","type":"page","link":"https:\/\/estudio36ceramica.com\/en\/legal-notice\/","title":{"rendered":"Legal Notice"},"content":{"rendered":"\t\t<div data-elementor-type=\"wp-page\" data-elementor-id=\"1352\" class=\"elementor elementor-1352 elementor-1026\" data-elementor-post-type=\"page\">\n\t\t\t\t<div class=\"elementor-element elementor-element-769e00e animated-slow e-flex e-con-boxed elementor-invisible e-con e-parent\" data-id=\"769e00e\" data-element_type=\"container\" data-e-type=\"container\" data-settings=\"{&quot;background_background&quot;:&quot;classic&quot;,&quot;animation&quot;:&quot;fadeIn&quot;}\">\n\t\t\t\t\t<div class=\"e-con-inner\">\n\t\t<div class=\"elementor-element elementor-element-189dc83 e-con-full e-flex e-con e-child\" data-id=\"189dc83\" data-element_type=\"container\" data-e-type=\"container\">\n\t\t\t\t<div class=\"elementor-element elementor-element-e5839d1 elementor-widget elementor-widget-heading\" data-id=\"e5839d1\" data-element_type=\"widget\" data-e-type=\"widget\" data-widget_type=\"heading.default\">\n\t\t\t\t<div class=\"elementor-widget-container\">\n\t\t\t\t\t<p class=\"elementor-heading-title elementor-size-default\">Estudio 36<\/p>\t\t\t\t<\/div>\n\t\t\t\t<\/div>\n\t\t\t\t<div class=\"elementor-element elementor-element-171fe5d elementor-widget elementor-widget-heading\" data-id=\"171fe5d\" data-element_type=\"widget\" data-e-type=\"widget\" data-widget_type=\"heading.default\">\n\t\t\t\t<div class=\"elementor-widget-container\">\n\t\t\t\t\t<h1 class=\"elementor-heading-title elementor-size-default\">Legal Notice<\/h1>\t\t\t\t<\/div>\n\t\t\t\t<\/div>\n\t\t\t\t<\/div>\n\t\t<div class=\"elementor-element elementor-element-308d338 elementor-hidden-mobile elementor-hidden-tablet e-con-full e-flex e-con e-child\" data-id=\"308d338\" data-element_type=\"container\" data-e-type=\"container\">\n\t\t\t\t<\/div>\n\t\t\t\t\t<\/div>\n\t\t\t\t<\/div>\n\t\t<div class=\"elementor-element elementor-element-c378452 animated-slow e-flex e-con-boxed elementor-invisible e-con e-parent\" data-id=\"c378452\" data-element_type=\"container\" data-e-type=\"container\" data-settings=\"{&quot;background_background&quot;:&quot;classic&quot;,&quot;animation&quot;:&quot;fadeIn&quot;}\">\n\t\t\t\t\t<div class=\"e-con-inner\">\n\t\t<div class=\"elementor-element elementor-element-9b0ce57 e-con-full e-flex e-con e-child\" data-id=\"9b0ce57\" data-element_type=\"container\" data-e-type=\"container\">\n\t\t\t\t<div class=\"elementor-element elementor-element-59789e0 elementor-widget elementor-widget-text-editor\" data-id=\"59789e0\" data-element_type=\"widget\" data-e-type=\"widget\" data-widget_type=\"text-editor.default\">\n\t\t\t\t<div class=\"elementor-widget-container\">\n\t\t\t\t\t\t\t\t\t<h3>Informaci\u00f3n General<\/h3><p>Este sitio web es operado por <strong>Estudio 36<\/strong>, con domicilio en:<\/p><ul><li><strong>Direcci\u00f3n<\/strong>: San Antonio Kalea, 36, 20016 Donostia, Gipuzkoa<\/li><li><strong>Correo Electr\u00f3nico<\/strong>: <a rel=\"noopener\">estudio36ceramica@gmail.com<\/a><\/li><li><strong>P\u00e1gina Web<\/strong>: <a href=\"https:\/\/estudio36ceramica.com\/\" target=\"_new\" rel=\"noopener\">https:\/\/estudio36ceramica.com\/<\/a><\/li><\/ul><h3>Titularidad del Sitio Web<\/h3><p>La p\u00e1gina web <strong>Estudio 36<\/strong> (en adelante, &#8220;el Sitio&#8221;) es propiedad de <strong>Estudio 36<\/strong>. El acceso y uso del Sitio est\u00e1n sujetos a las siguientes condiciones de uso.<\/p><h3>Propiedad Intelectual<\/h3><p>El contenido de este Sitio, incluyendo pero no limitado a textos, im\u00e1genes, logotipos, gr\u00e1ficos, v\u00eddeos, sonidos, software y cualquier otro material, est\u00e1 protegido por las leyes de propiedad intelectual y son propiedad de <strong>Estudio 36<\/strong>, salvo que se indique lo contrario. Queda prohibida la reproducci\u00f3n, distribuci\u00f3n o modificaci\u00f3n sin la autorizaci\u00f3n expresa.<\/p><h3>Condiciones de Uso<\/h3><p>El acceso y uso del Sitio web implica la aceptaci\u00f3n de las condiciones descritas en este Aviso Legal. El acceso al Sitio es libre y gratuito, aunque algunos servicios pueden requerir registro o suscripci\u00f3n.<\/p><p>Los usuarios se comprometen a utilizar el Sitio de acuerdo con la ley, la moral y el orden p\u00fablico, as\u00ed como a no realizar actividades que puedan da\u00f1ar la imagen, los intereses y los derechos de <strong>Estudio 36<\/strong>.<\/p><h3>Responsabilidad<\/h3><p><strong>Estudio 36<\/strong> no se hace responsable de los da\u00f1os que puedan derivarse del uso indebido del Sitio, ni de los errores u omisiones en los contenidos publicados, as\u00ed como de la falta de disponibilidad del Sitio debido a causas ajenas a su control.<\/p><h3>Protecci\u00f3n de Datos Personales<\/h3><p>De acuerdo con la legislaci\u00f3n vigente sobre protecci\u00f3n de datos personales (Ley Org\u00e1nica 3\/2018, de 5 de diciembre, de Protecci\u00f3n de Datos Personales y garant\u00eda de los derechos digitales y el Reglamento (UE) 2016\/679 del Parlamento Europeo y del Consejo, relativo a la protecci\u00f3n de las personas f\u00edsicas en lo que respecta al tratamiento de datos personales), informamos que los datos personales facilitados a trav\u00e9s de este Sitio ser\u00e1n tratados de acuerdo con nuestra <strong>Pol\u00edtica de Privacidad<\/strong>.<\/p><h3>Modificaci\u00f3n del Aviso Legal<\/h3><p><strong>Estudio 36<\/strong> se reserva el derecho a modificar este Aviso Legal en cualquier momento, sin necesidad de previo aviso. Las modificaciones entrar\u00e1n en vigor en el momento de su publicaci\u00f3n en el Sitio.<\/p><h3>Ley Aplicable y Jurisdicci\u00f3n<\/h3><p>Este Aviso Legal se regir\u00e1 por la legislaci\u00f3n espa\u00f1ola. Cualquier controversia relacionada con el uso del Sitio ser\u00e1 resuelta por los tribunales competentes de <strong>Donostia, Gipuzkoa<\/strong>.<\/p>\t\t\t\t\t\t\t\t<\/div>\n\t\t\t\t<\/div>\n\t\t\t\t<\/div>\n\t\t\t\t\t<\/div>\n\t\t\t\t<\/div>\n\t\t\t\t<\/div>\n\t\t","protected":false},"excerpt":{"rendered":"<p>Estudio 36 Informaci\u00f3n General Este sitio web es operado por Estudio 36, con domicilio en: Direcci\u00f3n: San Antonio Kalea, 36, 20016 Donostia, Gipuzkoa Correo Electr\u00f3nico: estudio36ceramica@gmail.com P\u00e1gina Web: https:\/\/estudio36ceramica.com\/ Titularidad del Sitio Web La p\u00e1gina web Estudio 36 (en adelante, &#8220;el Sitio&#8221;) es propiedad de&#8230;<\/p>\n","protected":false},"author":1,"featured_media":1278,"parent":0,"menu_order":0,"comment_status":"closed","ping_status":"closed","template":"elementor_header_footer","meta":{"_joinchat":[],"footnotes":""},"class_list":["post-1352","page","type-page","status-publish","has-post-thumbnail","hentry"],"_links":{"self":[{"href":"https:\/\/estudio36ceramica.com\/en\/wp-json\/wp\/v2\/pages\/1352","targetHints":{"allow":["GET"]}}],"collection":[{"href":"https:\/\/estudio36ceramica.com\/en\/wp-json\/wp\/v2\/pages"}],"about":[{"href":"https:\/\/estudio36ceramica.com\/en\/wp-json\/wp\/v2\/types\/page"}],"author":[{"embeddable":true,"href":"https:\/\/estudio36ceramica.com\/en\/wp-json\/wp\/v2\/users\/1"}],"replies":[{"embeddable":true,"href":"https:\/\/estudio36ceramica.com\/en\/wp-json\/wp\/v2\/comments?post=1352"}],"version-history":[{"count":6,"href":"https:\/\/estudio36ceramica.com\/en\/wp-json\/wp\/v2\/pages\/1352\/revisions"}],"predecessor-version":[{"id":1640,"href":"https:\/\/estudio36ceramica.com\/en\/wp-json\/wp\/v2\/pages\/1352\/revisions\/1640"}],"wp:featuredmedia":[{"embeddable":true,"href":"https:\/\/estudio36ceramica.com\/en\/wp-json\/wp\/v2\/media\/1278"}],"wp:attachment":[{"href":"https:\/\/estudio36ceramica.com\/en\/wp-json\/wp\/v2\/media?parent=1352"}],"curies":[{"name":"wp","href":"https:\/\/api.w.org\/{rel}","templated":true}]}}